{"id":920,"date":"2018-12-01T08:24:23","date_gmt":"2018-12-01T08:24:23","guid":{"rendered":"http:\/\/www.iqonic-h2020.eu\/?page_id=920"},"modified":"2020-03-04T09:57:45","modified_gmt":"2020-03-04T09:57:45","slug":"project","status":"publish","type":"page","link":"https:\/\/www.laboratori3g.com\/?page_id=920","title":{"rendered":"Kush jemi"},"content":{"rendered":"<section class=\"wpb-content-wrapper\"><p>[vc_row][vc_column][vc_column_text]<\/p>\n<p>&nbsp;<\/p>\n<h3 style=\"text-align: center;\">Laboratori 3G &#8211; Kush Jemi<\/h3>\n<p>[\/vc_column_text][vc_separator color=&#8221;custom&#8221; accent_color=&#8221;#e36748&#8243;][vc_column_text]<\/p>\n<h4 style=\"margin-top: 0cm; text-align: center; background: white;\" align=\"center\">Besojini t\u00eb ardhmen tuaj t\u00eb energjis\u00eb me nj\u00eb partner t\u00eb besuesh\u00ebm dhe inovator<\/h4>\n<p>[\/vc_column_text][vc_separator color=&#8221;custom&#8221; accent_color=&#8221;#e36748&#8243;][vc_gallery type=&#8221;image_grid&#8221; images=&#8221;1682,1687,1678,1692,1684,1685,1693&#8243;][vc_column_text]<\/p>\n<p style=\"text-align: center;\">Pasioni dhe energjia jan\u00eb motoja pun\u00ebs son\u00eb!<\/p>\n<p style=\"text-align: center;\">Kompania jon\u00eb \u00ebsht\u00eb themeluar n\u00eb vitin 2012 n\u00eb Shkod\u00ebr, ku ne vendos\u00ebm t\u00eb zhvillojm\u00eb grupe provash p\u00ebr testimin e mat\u00ebsave elektrik.<\/p>\n<p style=\"text-align: center;\">Nga nj\u00eb grup i vog\u00ebl inxhinier\u00ebsh t\u00eb p\u00ebrkushtuar, ne jemi rritur n\u00eb nj\u00eb kompani komb\u00ebtare q\u00eb operojm\u00eb n\u00eb rajonin Shkod\u00ebr, Kuk\u00ebs, Burrel, Elbasan dhe Tiran\u00eb.<\/p>\n<p style=\"text-align: center;\">Veprimtaria jon\u00eb sillet rreth energjis\u00eb &#8211; p\u00ebrmes energjis\u00eb, p\u00ebrkushtimit dhe mendjes krijuese t\u00eb ekipit tone n\u00eb jemi n\u00eb gjendje t&#8217;ju ofrojm\u00eb zgjidhje dhe sh\u00ebrbime q\u00eb lejojn\u00eb sistemin tuaj t\u00eb energjis\u00eb elektrike t\u00eb funksionoj\u00eb pa probleme, n\u00eb m\u00ebnyre t\u00eb sigurt\u00eb dhe me efikasitet.<\/p>\n<p style=\"text-align: center;\">Shoq\u00ebria zhvillon veprimtarin\u00eb e saj n\u00eb p\u00ebrputhje me nenet e Statutit, ligji nr. 9001 dat\u00eb 14.04.2018 \u201cP\u00ebr shoq\u00ebrit\u00eb tregtare\u201d si dhe me legjislacionin shqiptar.<\/p>\n<p style=\"text-align: center;\">Ne e kuptojm\u00eb q\u00eb sakt\u00ebsia, funksionaliteti dhe efikasiteti i p\u00ebrdorimit jan\u00eb faktor\u00ebt m\u00eb t\u00eb r\u00ebnd\u00ebsish\u00ebm kur merren parasysh pajisjet p\u00ebr t\u00eb testuar apo z\u00ebv\u00ebnd\u00ebsuar.<\/p>\n<p style=\"text-align: center;\">Ne nuk mund t\u00eb mendojm\u00eb p\u00ebr jet\u00ebn pa energji elektrike dhe kur ka konsum te energjis\u00eb ka nevoj\u00eb p\u00ebr t\u00eb matur konsumin e saj. N\u00eb \u00e7do vendbanim, qendra tregtare, industri, kudo mat\u00ebs t\u00eb energjis\u00eb p\u00ebrdoren p\u00ebr t\u00eb matur energjin\u00eb elektrike t\u00eb konsumuar. Ata konsumatore q\u00eb konsumojn\u00eb energji t\u00eb m\u00ebdha kan\u00eb nevoj\u00eb p\u00ebr aparatura mat\u00ebse t\u00eb teknologjis\u00eb me inovaore. Pra, p\u00ebr besueshm\u00ebri m\u00eb t\u00eb mir\u00eb, mat\u00ebsit e energjis\u00eb duhet t\u00eb kalojn\u00eb n\u00ebp\u00ebr teste ku mat\u00ebsit jan\u00eb krahasuar n\u00eb kushte t\u00eb ndryshme normale dhe anormale me nj\u00eb laborator p\u00ebr t\u00eb siguruar sakt\u00ebsine e tij n\u00eb k\u00ebt\u00eb fushe.<\/p>\n<p style=\"text-align: center;\">Besojini t\u00eb ardhmen tuaj t\u00eb energjis\u00eb me nj\u00eb partner t\u00eb besuesh\u00ebm dhe inovator.<\/p>\n<p>[\/vc_column_text][vc_empty_space][vc_empty_space height=&#8221;10px&#8221;][\/vc_column][\/vc_row]<\/p>\n<\/section>","protected":false},"excerpt":{"rendered":"<p>[vc_row][vc_column][vc_column_text] &nbsp; Laboratori 3G &#8211; Kush Jemi [\/vc_column_text][vc_separator color=&#8221;custom&#8221; accent_color=&#8221;#e36748&#8243;][vc_column_text] Besojini t\u00eb ardhmen tuaj t\u00eb energjis\u00eb me nj\u00eb partner t\u00eb besuesh\u00ebm dhe inovator [\/vc_column_text][vc_separator color=&#8221;custom&#8221; accent_color=&#8221;#e36748&#8243;][vc_gallery type=&#8221;image_grid&#8221; images=&#8221;1682,1687,1678,1692,1684,1685,1693&#8243;][vc_column_text] Pasioni dhe energjia jan\u00eb motoja pun\u00ebs son\u00eb! Kompania jon\u00eb \u00ebsht\u00eb themeluar n\u00eb vitin 2012 n\u00eb Shkod\u00ebr, ku ne vendos\u00ebm t\u00eb zhvillojm\u00eb grupe provash p\u00ebr testimin e mat\u00ebsave [&hellip;]<\/p>\n","protected":false},"author":1,"featured_media":0,"parent":0,"menu_order":0,"comment_status":"closed","ping_status":"closed","template":"","meta":{"footnotes":""},"_links":{"self":[{"href":"https:\/\/www.laboratori3g.com\/index.php?rest_route=\/wp\/v2\/pages\/920"}],"collection":[{"href":"https:\/\/www.laboratori3g.com\/index.php?rest_route=\/wp\/v2\/pages"}],"about":[{"href":"https:\/\/www.laboratori3g.com\/index.php?rest_route=\/wp\/v2\/types\/page"}],"author":[{"embeddable":true,"href":"https:\/\/www.laboratori3g.com\/index.php?rest_route=\/wp\/v2\/users\/1"}],"replies":[{"embeddable":true,"href":"https:\/\/www.laboratori3g.com\/index.php?rest_route=%2Fwp%2Fv2%2Fcomments&post=920"}],"version-history":[{"count":31,"href":"https:\/\/www.laboratori3g.com\/index.php?rest_route=\/wp\/v2\/pages\/920\/revisions"}],"predecessor-version":[{"id":1484,"href":"https:\/\/www.laboratori3g.com\/index.php?rest_route=\/wp\/v2\/pages\/920\/revisions\/1484"}],"wp:attachment":[{"href":"https:\/\/www.laboratori3g.com\/index.php?rest_route=%2Fwp%2Fv2%2Fmedia&parent=920"}],"curies":[{"name":"wp","href":"https:\/\/api.w.org\/{rel}","templated":true}]}}